{"id":9,"date":"2016-08-11T10:48:54","date_gmt":"2016-08-11T10:48:54","guid":{"rendered":"http:\/\/topocat.com\/test\/?page_id=9"},"modified":"2017-02-09T09:11:12","modified_gmt":"2017-02-09T09:11:12","slug":"la-empresa","status":"publish","type":"page","link":"https:\/\/topocat.com\/ca\/la-empresa\/","title":{"rendered":"Documents"},"content":{"rendered":"<p><\/p>\n<h1><span style=\"color: #f67f2f;\">Documentaci\u00f3n relacionada con el Catastro<\/span><\/h1>\n<h2 style=\"padding-left: 30px;\"><span style=\"color: #f67f2f;\">Normativa<br \/>\n<\/span><\/h2>\n<ul>\n<li><a href=\"http:\/\/topocat.com\/test\/wp-content\/uploads\/2017\/01\/19990416-Instruccion_26-3-1999.pdf\" target=\"_blank\">Instrucci\u00f3n de 26 de Marzo de 1999<\/a>, de la Direcci\u00f3n General de los Registros y del Notariado, sobre certificaciones catastrales descriptivas y gr\u00e1ficas a los efectos de constancia documental y registral de la referencia catastral.<\/li>\n<li>2<\/li>\n<li>3<\/li>\n<li>4<\/li>\n<li>5<\/li>\n<\/ul>\n<p>&nbsp;<\/p>\n<p>&nbsp;<\/p>\n<p>19990416-Instruccion_26-3-1999.pdf<br \/>\n20150625-Ley_13_2015.pdf<br \/>\n20151030-Resolucion_26-10-2015.pdf<br \/>\nCon especial atenci\u00f3n para los t\u00e9cnicos competentes al art\u00edculo<br \/>\n&#8220;s\u00e9ptimo&#8221; donde se establecen los requisitos t\u00e9cnicos que se han<br \/>\nde cumplir.<br \/>\n20151030-Resolucion_29-10-2015.pdf<br \/>\n20151103-Resolucion_Circular_Aclaratoria.pdf<\/p>\n<h2 style=\"padding-left: 30px;\"><span style=\"color: #f67f2f;\">Art\u00edculos<\/span><\/h2>\n<p>20120901-A_Fondo_Discordancias Registro-Catastro.pdf<br \/>\n20140911-Topografia_y_discordancias.pdf<br \/>\n20150625-FAQ_catastro_registro.pdf<br \/>\n20160405-GML_Parcela.pdf<br \/>\n20160405-GML_Edificio.pdf<br \/>\n20170124-Que_es_RGA.pdf<\/p>\n<h2 style=\"padding-left: 30px;\"><span style=\"color: #f67f2f;\">C\u00f3mo se hace<br \/>\n<\/span><\/h2>\n<p>20160317-CP_ejemplo_explicativo.gml<br \/>\n20160505-BU_ejemplo_explicativo.gml<br \/>\n20160805-Como_generar_un_GML_de_edificio.pdf<\/p>\n<h1><span style=\"color: #f67f2f;\">Documentaci\u00f3n t\u00e9cnica<\/span><\/h1>\n<p style=\"padding-left: 30px;\">20160420-Affine _Transformation_algorithm.pdf<br \/>\n20161112-Affine+Helmert_transformations.xls<\/p>\n<p>&nbsp;<\/p>","protected":false},"excerpt":{"rendered":"<p>Documentaci\u00f3n relacionada con el Catastro Normativa Instrucci\u00f3n de 26 de Marzo de 1999, de la Direcci\u00f3n General de los Registros y del Notariado, sobre certificaciones catastrales descriptivas y gr\u00e1ficas a los efectos de constancia documental y registral de la referencia catastral. 2 3 4 5 &nbsp; &nbsp; 19990416-Instruccion_26-3-1999.pdf 20150625-Ley_13_2015.pdf 20151030-Resolucion_26-10-2015.pdf Con especial atenci\u00f3n para los [&hellip;]<\/p>\n","protected":false},"author":1,"featured_media":0,"parent":0,"menu_order":0,"comment_status":"closed","ping_status":"closed","template":"","meta":{"footnotes":""},"class_list":["post-9","page","type-page","status-publish","hentry"],"new_scheduled_revision":"","_links":{"self":[{"href":"https:\/\/topocat.com\/ca\/wp-json\/wp\/v2\/pages\/9"}],"collection":[{"href":"https:\/\/topocat.com\/ca\/wp-json\/wp\/v2\/pages"}],"about":[{"href":"https:\/\/topocat.com\/ca\/wp-json\/wp\/v2\/types\/page"}],"author":[{"embeddable":true,"href":"https:\/\/topocat.com\/ca\/wp-json\/wp\/v2\/users\/1"}],"replies":[{"embeddable":true,"href":"https:\/\/topocat.com\/ca\/wp-json\/wp\/v2\/comments?post=9"}],"version-history":[{"count":49,"href":"https:\/\/topocat.com\/ca\/wp-json\/wp\/v2\/pages\/9\/revisions"}],"predecessor-version":[{"id":690,"href":"https:\/\/topocat.com\/ca\/wp-json\/wp\/v2\/pages\/9\/revisions\/690"}],"wp:attachment":[{"href":"https:\/\/topocat.com\/ca\/wp-json\/wp\/v2\/media?parent=9"}],"curies":[{"name":"wp","href":"https:\/\/api.w.org\/{rel}","templated":true}]}}