{"id":16,"date":"2016-08-11T10:50:46","date_gmt":"2016-08-11T10:50:46","guid":{"rendered":"http:\/\/topocat.com\/test\/?page_id=16"},"modified":"2017-02-09T12:31:42","modified_gmt":"2017-02-09T12:31:42","slug":"documentacion","status":"publish","type":"page","link":"https:\/\/topocat.com\/de\/documentacion\/","title":{"rendered":"Links"},"content":{"rendered":"<p><\/p>\n<h1 style=\"text-align: left;\"><span style=\"color: #f67f2f;\">Links<\/span><\/h1>\n<p><a href=\"http:\/\/www.coigt.com\/\" target=\"_blank\" rel=\"http:\/\/www.coigt.com\/\"><span style=\"color: #ffffff;\">___<\/span><img loading=\"lazy\" decoding=\"async\" class=\"alignnone wp-image-228\" title=\"Colegio de Top\u00f3grafos\" src=\"http:\/\/topocat.com\/wp-content\/uploads\/2017\/01\/COITTopografia_.png\" width=\"60\" height=\"72\" \/><\/a>\u00a0 \u00a0 \u00a0 \u00a0 \u00a0 \u00a0 \u00a0<a href=\"https:\/\/www.sedecatastro.gob.es\/\" target=\"_blank\"><img loading=\"lazy\" decoding=\"async\" class=\"alignnone wp-image-231\" title=\"Catastro: Sede Electr\u00f3nica\" src=\"http:\/\/topocat.com\/wp-content\/uploads\/2017\/01\/CatastroSE.jpg\" width=\"106\" height=\"44\" \/><\/a>\u00a0\u00a0 \u00a0 \u00a0 \u00a0 \u00a0 \u00a0 \u00a0\u00a0 <a href=\"ftp:\/\/ftp.geodesia.ign.es\/ERGNSS\/\" target=\"_blank\"><img loading=\"lazy\" decoding=\"async\" class=\"alignnone wp-image-238\" title=\"IGN ftp de las ERGNSS\" src=\"http:\/\/topocat.com\/wp-content\/uploads\/2017\/01\/IGN-ERGNSS-FTP.jpg\" width=\"88\" height=\"55\" srcset=\"https:\/\/topocat.com\/wp-content\/uploads\/2017\/01\/IGN-ERGNSS-FTP.jpg 284w, https:\/\/topocat.com\/wp-content\/uploads\/2017\/01\/IGN-ERGNSS-FTP-256x163.jpg 256w\" sizes=\"(max-width: 88px) 100vw, 88px\" \/><\/a>\u00a0\u00a0\u00a0\u00a0\u00a0\u00a0\u00a0\u00a0\u00a0\u00a0\u00a0\u00a0 <a href=\"http:\/\/www.cartociudad.es\/visor\/\" target=\"_blank\"><img loading=\"lazy\" decoding=\"async\" class=\"alignnone wp-image-245\" title=\"CartoCiudad\" src=\"http:\/\/topocat.com\/wp-content\/uploads\/2017\/01\/CartoCiudad.jpg\" width=\"208\" height=\"54\" srcset=\"https:\/\/topocat.com\/wp-content\/uploads\/2017\/01\/CartoCiudad.jpg 324w, https:\/\/topocat.com\/wp-content\/uploads\/2017\/01\/CartoCiudad-300x78.jpg 300w, https:\/\/topocat.com\/wp-content\/uploads\/2017\/01\/CartoCiudad-317x84.jpg 317w\" sizes=\"(max-width: 208px) 100vw, 208px\" \/><\/a><\/p>\n<h1 style=\"text-align: left;\">\u00a0<a href=\"http:\/\/es.goolzoom.com\/\" target=\"_blank\"><img loading=\"lazy\" decoding=\"async\" class=\"alignnone wp-image-241\" title=\" GoolZoom\" src=\"http:\/\/topocat.com\/wp-content\/uploads\/2017\/01\/GoolZoom.png\" width=\"116\" height=\"81\" \/><\/a>\u00a0\u00a0\u00a0\u00a0 <a href=\"http:\/\/pnoa.ign.es\/\" target=\"_blank\"><img loading=\"lazy\" decoding=\"async\" class=\"alignnone wp-image-236\" title=\"PNOA\" src=\"http:\/\/topocat.com\/wp-content\/uploads\/2017\/01\/PNOA.jpg\" width=\"81\" height=\"60\" \/><\/a>\u00a0 \u00a0\u00a0 <a href=\"http:\/\/www.idee.es\/\" target=\"_blank\"><img loading=\"lazy\" decoding=\"async\" class=\"alignnone wp-image-240\" title=\"IDEE\" src=\"http:\/\/topocat.com\/wp-content\/uploads\/2017\/01\/IDEE.jpg\" width=\"140\" height=\"71\" \/><\/a>\u00a0 \u00a0\u00a0 <a href=\" http:\/\/contenido.ign.es\/ign\/main\/index.do\" target=\"_blank\"><img loading=\"lazy\" decoding=\"async\" class=\"alignnone wp-image-239\" title=\"Instituto Geogr\u00e1fico Nacional\" src=\"http:\/\/topocat.com\/wp-content\/uploads\/2017\/01\/IGN.png\" width=\"184\" height=\"63\" srcset=\"https:\/\/topocat.com\/wp-content\/uploads\/2017\/01\/IGN.png 383w, https:\/\/topocat.com\/wp-content\/uploads\/2017\/01\/IGN-300x103.png 300w\" sizes=\"(max-width: 184px) 100vw, 184px\" \/><\/a><\/h1>\n<h1 style=\"text-align: left;\"><a href=\"http:\/\/www.engineeringsurveyor.com\/index.htm\" target=\"_blank\"><img loading=\"lazy\" decoding=\"async\" class=\"alignnone wp-image-242\" title=\"Pagina americana de Recursos para Topografos\" src=\"http:\/\/topocat.com\/wp-content\/uploads\/2017\/01\/EngineeringSurveyor.jpg\" width=\"158\" height=\"57\" srcset=\"https:\/\/topocat.com\/wp-content\/uploads\/2017\/01\/EngineeringSurveyor.jpg 374w, https:\/\/topocat.com\/wp-content\/uploads\/2017\/01\/EngineeringSurveyor-300x108.jpg 300w\" sizes=\"(max-width: 158px) 100vw, 158px\" \/><\/a>\u00a0 \u00a0\u00a0 <a href=\"http:\/\/www.rain-alarm.com\/\" target=\"_blank\"><img loading=\"lazy\" decoding=\"async\" class=\"alignnone wp-image-235\" title=\"Rain Alarm\" src=\"http:\/\/topocat.com\/wp-content\/uploads\/2017\/01\/RainAlarm.png\" width=\"62\" height=\"62\" srcset=\"https:\/\/topocat.com\/wp-content\/uploads\/2017\/01\/RainAlarm.png 160w, https:\/\/topocat.com\/wp-content\/uploads\/2017\/01\/RainAlarm-150x150.png 150w, https:\/\/topocat.com\/wp-content\/uploads\/2017\/01\/RainAlarm-50x50.png 50w\" sizes=\"(max-width: 62px) 100vw, 62px\" \/><\/a>\u00a0\u00a0\u00a0\u00a0 <a href=\"https:\/\/www.windguru.cz\/map\/?lat=39.9257985682691&amp;lon=3.9935302734375&amp;zoom=11\" target=\"_blank\"><img loading=\"lazy\" decoding=\"async\" class=\"alignnone wp-image-233\" title=\"Wind Guru\" src=\"http:\/\/topocat.com\/wp-content\/uploads\/2017\/01\/WindGuru.png\" width=\"143\" height=\"54\" srcset=\"https:\/\/topocat.com\/wp-content\/uploads\/2017\/01\/WindGuru.png 365w, https:\/\/topocat.com\/wp-content\/uploads\/2017\/01\/WindGuru-300x113.png 300w, https:\/\/topocat.com\/wp-content\/uploads\/2017\/01\/WindGuru-360x138.png 360w\" sizes=\"(max-width: 143px) 100vw, 143px\" \/><\/a> \u00a0\u00a0 <a href=\"http:\/\/www.al-top.com\/\" target=\"_blank\"><img loading=\"lazy\" decoding=\"async\" class=\"alignnone wp-image-246\" title=\"al-top\" src=\"http:\/\/topocat.com\/wp-content\/uploads\/2017\/01\/AlTop.jpg\" width=\"187\" height=\"56\" \/><\/a><\/h1>\n<h1 style=\"text-align: left;\">\u00a0<span style=\"color: #ffffff;\">_______<\/span><\/h1>\n<h1 style=\"text-align: left;\"><span style=\"color: #f67f2f;\">Otros links de inter\u00e9s:<br \/>\n<\/span><\/h1>\n<ul>\n<li>\n<h4><a href=\"http:\/\/www.catastro.minhap.es\/esp\/CoordinacionCatastroRegistro.asp#doctec\" target=\"_blank\">Coordinaci\u00f3n Catastro Registro<\/a><\/h4>\n<\/li>\n<li>\n<h4><a href=\"http:\/\/gespasur.blogspot.com.es\/2016\/01\/coordinacion-catastro-registro-y.html\" target=\"_blank\">Blog dedicado a la Ingenieria Agron\u00f3mica&#8230;<\/a><\/h4>\n<\/li>\n<li>\n<h4><a href=\"http:\/\/www.catastro.minhap.es\/documentos\/portal%20generacion%20GML.pdf\" target=\"_blank\">Como generar un GML de Parcela Catastral<\/a><\/h4>\n<\/li>\n<li>\n<h4><a href=\"http:\/\/www.catastro.meh.es\/esp\/referencia_catastral_1.asp\" target=\"_blank\">Que es la referencia catastral<\/a><\/h4>\n<\/li>\n<li>\n<h4><a href=\"http:\/\/www.idee.es\/en\/web\/guest\/directorio-de-servicios?p_p_id=DIRSRVIDEE_WAR_DIRSRVIDEEportlet_INSTANCE_q4BW&amp;p_p_lifecycle=1&amp;p_p_state=normal&amp;p_p_mode=view&amp;p_p_col_id=column-1&amp;p_p_col_count=1&amp;_DIRSRVIDEE_WAR_DIRSRVIDEEportlet_INSTANCE_q4BW_descSrv=DESCARGA\" target=\"_blank\">Infraestructura de datos espaciales de Espa\u00f1a<\/a><\/h4>\n<\/li>\n<li>\n<h4><a href=\"http:\/\/inspire.ec.europa.eu\/\" target=\"_blank\">INSPIRE (INfrastructure for SPatial InfoRmation in Europe)<\/a><\/h4>\n<\/li>\n<li>\n<h4><a href=\"http:\/\/www.opengeospatial.org\/standards\/gml\" target=\"_blank\">GML segun OGC (Open Geospatial Consortium)<\/a><\/h4>\n<\/li>\n<li>\n<h4><a href=\"http:\/\/docs.opencv.org\/2.4\/doc\/tutorials\/imgproc\/imgtrans\/warp_affine\/warp_affine.html\" target=\"_blank\">Transformaci\u00f3n Afin<\/a><\/h4>\n<\/li>\n<li>\n<h4><a href=\"http:\/\/gingerbooth.com\/coursewareCBC\/affine\/affine.swf\" target=\"_blank\">Ejemplo de Afin con 3 puntos<\/a><\/h4>\n<\/li>\n<li>\n<h4><a href=\"http:\/\/converter.mygeodata.eu\/\" target=\"_blank\">CONVERSORES (Entre formatos KML, SHP, KMZ, CSV&#8230;)<\/a><\/h4>\n<\/li>\n<\/ul>\n<p><\/p>","protected":false},"excerpt":{"rendered":"<p>Links ___\u00a0 \u00a0 \u00a0 \u00a0 \u00a0 \u00a0 \u00a0\u00a0\u00a0 \u00a0 \u00a0 \u00a0 \u00a0 \u00a0 \u00a0\u00a0 \u00a0\u00a0\u00a0\u00a0\u00a0\u00a0\u00a0\u00a0\u00a0\u00a0\u00a0\u00a0 \u00a0\u00a0\u00a0\u00a0\u00a0 \u00a0 \u00a0\u00a0 \u00a0 \u00a0\u00a0 \u00a0 \u00a0\u00a0 \u00a0\u00a0\u00a0\u00a0 \u00a0\u00a0 \u00a0_______ Otros links de inter\u00e9s: Coordinaci\u00f3n Catastro Registro Blog dedicado a la Ingenieria Agron\u00f3mica&#8230; Como generar un GML de Parcela Catastral Que es la referencia catastral Infraestructura de datos espaciales de [&hellip;]<\/p>\n","protected":false},"author":1,"featured_media":0,"parent":0,"menu_order":0,"comment_status":"closed","ping_status":"closed","template":"page.php","meta":{"footnotes":""},"class_list":["post-16","page","type-page","status-publish","hentry"],"new_scheduled_revision":"","_links":{"self":[{"href":"https:\/\/topocat.com\/de\/wp-json\/wp\/v2\/pages\/16"}],"collection":[{"href":"https:\/\/topocat.com\/de\/wp-json\/wp\/v2\/pages"}],"about":[{"href":"https:\/\/topocat.com\/de\/wp-json\/wp\/v2\/types\/page"}],"author":[{"embeddable":true,"href":"https:\/\/topocat.com\/de\/wp-json\/wp\/v2\/users\/1"}],"replies":[{"embeddable":true,"href":"https:\/\/topocat.com\/de\/wp-json\/wp\/v2\/comments?post=16"}],"version-history":[{"count":49,"href":"https:\/\/topocat.com\/de\/wp-json\/wp\/v2\/pages\/16\/revisions"}],"predecessor-version":[{"id":698,"href":"https:\/\/topocat.com\/de\/wp-json\/wp\/v2\/pages\/16\/revisions\/698"}],"wp:attachment":[{"href":"https:\/\/topocat.com\/de\/wp-json\/wp\/v2\/media?parent=16"}],"curies":[{"name":"wp","href":"https:\/\/api.w.org\/{rel}","templated":true}]}}